{"id":121,"date":"2016-12-16T11:07:45","date_gmt":"2016-12-16T11:07:45","guid":{"rendered":"http:\/\/erdfrau.de\/?page_id=121"},"modified":"2024-02-01T10:59:25","modified_gmt":"2024-02-01T10:59:25","slug":"impressum","status":"publish","type":"page","link":"https:\/\/erdfrau.de\/?page_id=121","title":{"rendered":"Impressum"},"content":{"rendered":"<p>Birgit Unger-Brogden<br \/>\nHeilpraktikerin<br \/>\nHauptstr. 8\u00a0\u00a0\u00a0\u00a0\u00a0\u00a0\u00a0\u00a0\u00a0\u00a0\u00a0\u00a0\u00a0\u00a0\u00a0\u00a0\u00a0\u00a0\u00a0\u00a0\u00a0\u00a0\u00a0\u00a0\u00a0\u00a0\u00a0\u00a0\u00a0\u00a0\u00a0\u00a0\u00a0\u00a0\u00a0\u00a0\u00a0\u00a0\u00a0\u00a0\u00a0\u00a0\u00a0\u00a0\u00a0\u00a0\u00a0\u00a0\u00a0\u00a0\u00a0\u00a0\u00a0\u00a0\u00a0\u00a0\u00a0\u00a0\u00a0\u00a0\u00a0\u00a0\u00a0\u00a0\u00a0\u00a0\u00a0\u00a0\u00a0\u00a0\u00a0\u00a0\u00a0\u00a0\u00a0\u00a0\u00a0\u00a0\u00a0\u00a0\u00a0\u00a0\u00a0\u00a0\u00a0\u00a0\u00a0\u00a0\u00a0\u00a0\u00a0\u00a0\u00a0\u00a0\u00a0\u00a0\u00a0\u00a0\u00a0\u00a0\u00a0\u00a0\u00a0\u00a0\u00a0\u00a0\u00a0\u00a0\u00a0\u00a0\u00a0\u00a0\u00a0\u00a0\u00a0\u00a0\u00a0\u00a0\u00a0 \u00a0 \u00a0 \u00a0 \u00a0 \u00a0 \u00a0 \u00a0\u00a0 73262Reichenbach\/Fils<\/p>\n<p>Tel.: 07153-616 3133<\/p>\n<p><strong>Berufsbezeichnung:<\/strong><br \/>\nHeilpraktikerin<\/p>\n<p>Heilpraktikererlaubnis in Deutschland erteilt am 11.01.2006 durch das Gesundheitsamt Heilbronn.<\/p>\n<p><strong>Zust\u00e4ndige Aufsichtsbeh\u00f6rde: <\/strong>Gesundheitsamt Esslingen<\/p>\n<p><strong>Rechtsgrundlagen:<br \/>\n<\/strong>Gesetz \u00fcber die berufsm\u00e4\u00dfige Aus\u00fcbung der Heilkunde ohne Bestallung (Heilpraktikergesetz, BGBI. III 2122-2). Durchf\u00fchrungsverordnung zum Heilpraktikergesetz (BGBI. III 2122-2-1). Berufsordnung f\u00fcr Heilpraktiker:<br \/>\n<a href=\"http:\/\/www.udh-bundesverband.de\/content\/e135\/e1054\/index_ger.html\">http:\/\/www.udh-bundesverband.de<\/a><\/p>\n<p><strong>Verbandszugeh\u00f6rigkeit:<\/strong><br \/>\nUnion Deutscher Heilpraktiker<br \/>\nLandesverband e. V. Ba-W\u00fc<br \/>\nDanneckerstr. 4<br \/>\n70182 Stuttgart<br \/>\nMitgliedsnummer: 19562<\/p>\n<p>Weitere berufsbezogene Informationen finden Sie unter <a href=\"http:\/\/www.udh-bw.de\/\">www.udh-bw.de<\/a><\/p>\n<p><strong>Verantwortlich f\u00fcr den Inhalt:<\/strong><br \/>\nBirgit Unger-Brogden<\/p>\n<p><strong>Haftung f\u00fcr fremde Inhalte:<\/strong><br \/>\nSoweit diese Seiten direkte oder indirekte Verweise auf fremde Inhalte enthalten, macht sich der Anbieter diese Inhalte nicht zu eigen. Grunds\u00e4tzlich ist der Fremdanbieter f\u00fcr illegale oder fehlerhafte Inhalte selbst verantwortlich. Gleichwohl werden Fremdinhalte, auf die verwiesen wird, durch den Anbieter sorgf\u00e4ltig \u00fcberpr\u00fcft und regelm\u00e4\u00dfig kontrolliert. Erh\u00e4lt der Anbieter Kenntnis, dass Fremdinhalte illegal oder fehlerhaft sind, werden entsprechende Verweise sofort entfernt.<\/p>\n<p>F\u00fcr den Fall, dass Rechte Dritter und\/oder gesetzliche Regelungen\/Vorgaben durch Gestaltung und\/oder Inhalt von \u201ewww.erdfrau.de\u201c verletzt werden, bitten wir um kostenfreie Benachrichtigung.<\/p>\n<p>Sollten wir ungewollt mit unseren Inhalten\/Texten gegen Rechte Dritter und\/oder gesetzliche Regelungen\/Vorgaben verstossen, werden wir die fraglichen Inhalte schnellstens entfernen, die Hinzunahme eines juristischen Beistandes ist also nicht n\u00f6tig.<\/p>\n<p>Sollten trotzdem von Ihnen Kosten verursacht werden\/worden sein, ohne uns vorher benachrichtigt zu haben, werden wir diese Kosten in vollem Umfange zur\u00fcckweisen und gegebenenfalls Klage gegen Sie erheben wegen Verstosses gegen die von uns vorab angef\u00fchrten Bestimmungen.<\/p>\n<p>Bitte beachten Sie: Bei den hier vorgestellten Behandlungsmethoden handelt es sich um Verfahren der alternativen Medizin, die wissenschaftlich nicht anerkannt sind. Alle Angaben \u00fcber Eigenschaften, Wirkungen und Indikationen beruhen auf den Erkenntnissen und Erfahrungen innerhalb der Therapiemethoden selbst.<\/p>\n<p>&nbsp;<\/p>\n<p><img loading=\"lazy\" decoding=\"async\" class=\"wp-image-138 aligncenter\" src=\"https:\/\/erdfrau.de\/wp-content\/uploads\/2016\/12\/hand-prints2-150x150.png\" alt=\"\" width=\"130\" height=\"130\" \/><\/p>\n<p>&nbsp;<\/p>\n","protected":false},"excerpt":{"rendered":"<p>Birgit Unger-Brogden Heilpraktikerin Hauptstr. 8\u00a0\u00a0\u00a0\u00a0\u00a0\u00a0\u00a0\u00a0\u00a0\u00a0\u00a0\u00a0\u00a0\u00a0\u00a0\u00a0\u00a0\u00a0\u00a0\u00a0\u00a0\u00a0\u00a0\u00a0\u00a0\u00a0\u00a0\u00a0\u00a0\u00a0\u00a0\u00a0\u00a0\u00a0\u00a0\u00a0\u00a0\u00a0\u00a0\u00a0\u00a0\u00a0\u00a0\u00a0\u00a0\u00a0\u00a0\u00a0\u00a0\u00a0\u00a0\u00a0\u00a0\u00a0\u00a0\u00a0\u00a0\u00a0\u00a0\u00a0\u00a0\u00a0\u00a0\u00a0\u00a0\u00a0\u00a0\u00a0\u00a0\u00a0\u00a0\u00a0\u00a0\u00a0\u00a0\u00a0\u00a0\u00a0\u00a0\u00a0\u00a0\u00a0\u00a0\u00a0\u00a0\u00a0\u00a0\u00a0\u00a0\u00a0\u00a0\u00a0\u00a0\u00a0\u00a0\u00a0\u00a0\u00a0\u00a0\u00a0\u00a0\u00a0\u00a0\u00a0\u00a0\u00a0\u00a0\u00a0\u00a0\u00a0\u00a0\u00a0\u00a0\u00a0\u00a0\u00a0\u00a0\u00a0\u00a0 \u00a0 \u00a0 \u00a0 \u00a0 \u00a0 \u00a0 \u00a0\u00a0 73262Reichenbach\/Fils Tel.: 07153-616 3133 Berufsbezeichnung: Heilpraktikerin Heilpraktikererlaubnis in Deutschland erteilt am 11.01.2006 durch das Gesundheitsamt Heilbronn. Zust\u00e4ndige Aufsichtsbeh\u00f6rde: Gesundheitsamt Esslingen Rechtsgrundlagen: Gesetz \u00fcber die berufsm\u00e4\u00dfige Aus\u00fcbung der Heilkunde ohne Bestallung (Heilpraktikergesetz, BGBI. III 2122-2). Durchf\u00fchrungsverordnung zum Heilpraktikergesetz (BGBI. III 2122-2-1). Berufsordnung f\u00fcr Heilpraktiker:&hellip;<a href=\"https:\/\/erdfrau.de\/?page_id=121\" class=\"more-link\">Continue reading <span class=\"screen-reader-text\">Impressum<\/span><\/a><\/p>\n","protected":false},"author":1,"featured_media":0,"parent":0,"menu_order":0,"comment_status":"closed","ping_status":"closed","template":"","meta":{"footnotes":""},"class_list":["post-121","page","type-page","status-publish","hentry"],"_links":{"self":[{"href":"https:\/\/erdfrau.de\/index.php?rest_route=\/wp\/v2\/pages\/121","targetHints":{"allow":["GET"]}}],"collection":[{"href":"https:\/\/erdfrau.de\/index.php?rest_route=\/wp\/v2\/pages"}],"about":[{"href":"https:\/\/erdfrau.de\/index.php?rest_route=\/wp\/v2\/types\/page"}],"author":[{"embeddable":true,"href":"https:\/\/erdfrau.de\/index.php?rest_route=\/wp\/v2\/users\/1"}],"replies":[{"embeddable":true,"href":"https:\/\/erdfrau.de\/index.php?rest_route=%2Fwp%2Fv2%2Fcomments&post=121"}],"version-history":[{"count":25,"href":"https:\/\/erdfrau.de\/index.php?rest_route=\/wp\/v2\/pages\/121\/revisions"}],"predecessor-version":[{"id":954,"href":"https:\/\/erdfrau.de\/index.php?rest_route=\/wp\/v2\/pages\/121\/revisions\/954"}],"wp:attachment":[{"href":"https:\/\/erdfrau.de\/index.php?rest_route=%2Fwp%2Fv2%2Fmedia&parent=121"}],"curies":[{"name":"wp","href":"https:\/\/api.w.org\/{rel}","templated":true}]}}